{"id":99,"date":"2018-06-29T05:23:13","date_gmt":"2018-06-29T05:23:13","guid":{"rendered":"http:\/\/szkolkahajda.pl\/?page_id=99"},"modified":"2026-03-19T06:35:53","modified_gmt":"2026-03-19T06:35:53","slug":"zasady-sprzedazy","status":"publish","type":"page","link":"http:\/\/szkolkahajda.pl\/?page_id=99","title":{"rendered":"Zasady sprzeda\u017cy"},"content":{"rendered":"<h1 style=\"text-align: center;\">Instrukcja oraz&nbsp; zasady&nbsp; sprzeda\u017cy&nbsp; sadzonek<\/h1>\n<p>&nbsp;<\/p>\n<ol>\n<li>Sprzeda\u017c ma miejsce&nbsp; pod&nbsp; adresem:<br \/>\nNadle\u015bnictwo&nbsp; Jastrowie<br \/>\nGospodarstwo&nbsp; Szk\u00f3\u0142karskie&nbsp; Hajda<\/li>\n<\/ol>\n<ul>\n<li>Jastrowie<\/li>\n<\/ul>\n<p>&nbsp;&nbsp;&nbsp;&nbsp;&nbsp;&nbsp;&nbsp;&nbsp;&nbsp;&nbsp;&nbsp;&nbsp;&nbsp; &nbsp;&nbsp;&nbsp;&nbsp;&nbsp;&nbsp;&nbsp;&nbsp;&nbsp;Tel.\/ fax.&nbsp;&nbsp; 067&nbsp;266 25 22<\/p>\n<p>&nbsp;&nbsp;&nbsp;&nbsp;&nbsp;&nbsp;&nbsp;&nbsp;&nbsp;&nbsp; <em><strong>od poniedzia\u0142ku do pi\u0105tku&nbsp;&nbsp; &nbsp;od 8:00 do 15:00<\/strong><\/em><\/p>\n<p><strong>&nbsp;&nbsp;&nbsp;&nbsp; &nbsp;<em>w soboty: &nbsp;<\/em><\/strong><em>w sezonie &#8211; w dniach<strong> od 01 marca do 30 kwietnia; <\/strong><\/em><\/p>\n<p><em><strong>&nbsp;&nbsp;&nbsp;&nbsp;&nbsp;&nbsp;&nbsp;&nbsp;&nbsp;&nbsp;&nbsp;&nbsp;&nbsp;&nbsp;&nbsp;&nbsp;&nbsp;&nbsp;&nbsp;&nbsp;&nbsp;&nbsp;&nbsp;&nbsp;&nbsp;&nbsp;&nbsp;&nbsp;&nbsp;&nbsp;&nbsp;&nbsp;&nbsp;&nbsp;&nbsp;&nbsp;&nbsp;&nbsp;&nbsp;&nbsp;&nbsp;&nbsp;&nbsp;&nbsp;&nbsp;&nbsp;&nbsp;&nbsp;&nbsp;&nbsp;&nbsp;&nbsp;&nbsp;&nbsp;&nbsp;&nbsp;&nbsp;&nbsp;&nbsp;&nbsp;&nbsp;&nbsp; &nbsp;01 wrze\u015bnia do 31 pa\u017adziernika <\/strong><\/em><\/p>\n<p><em><strong>&nbsp;&nbsp;&nbsp;&nbsp;&nbsp;&nbsp;&nbsp;&nbsp;&nbsp;&nbsp;&nbsp;&nbsp;&nbsp;&nbsp;&nbsp;&nbsp;&nbsp;&nbsp;&nbsp;&nbsp;&nbsp;&nbsp;&nbsp;&nbsp;&nbsp;&nbsp;&nbsp;&nbsp;&nbsp;&nbsp;&nbsp;&nbsp;&nbsp;&nbsp;&nbsp;&nbsp;&nbsp;&nbsp;&nbsp;&nbsp;&nbsp;&nbsp;&nbsp;&nbsp;&nbsp;&nbsp;&nbsp;&nbsp;&nbsp;&nbsp;&nbsp;&nbsp; <\/strong><\/em><em>oraz<strong>&nbsp;&nbsp; &nbsp;10&nbsp; grudnia &nbsp;do 23 grudnia <\/strong><\/em><\/p>\n<p><em><strong>&nbsp;&nbsp;&nbsp;&nbsp;&nbsp;&nbsp;&nbsp;&nbsp;&nbsp;&nbsp;&nbsp;&nbsp;&nbsp;&nbsp;&nbsp;&nbsp;&nbsp;&nbsp;&nbsp;&nbsp;&nbsp;&nbsp;&nbsp;&nbsp;&nbsp;&nbsp;&nbsp;&nbsp;&nbsp;&nbsp;&nbsp;&nbsp;&nbsp;&nbsp;&nbsp;&nbsp;&nbsp;&nbsp;&nbsp;&nbsp;&nbsp;&nbsp;&nbsp;&nbsp;&nbsp;&nbsp;&nbsp;&nbsp;&nbsp;&nbsp; &nbsp;<\/strong><\/em><em>w godzinach<strong> &nbsp;od 8:00 do 13:00.<\/strong><\/em><\/p>\n<ol start=\"2\">\n<li>Nadle\u015bnictwo prowadzi sprzeda\u017c detaliczn\u0105&nbsp; na warunkach&nbsp; odbioru ro\u015blin &#8211;&nbsp;&nbsp;&nbsp;&nbsp;&nbsp;&nbsp;&nbsp;&nbsp;&nbsp;&nbsp;&nbsp; &nbsp;&nbsp;<\/li>\n<\/ol>\n<p>&nbsp;&nbsp;&nbsp;&nbsp;&nbsp;&nbsp; <strong>loco szk\u00f3\u0142ka<\/strong><\/p>\n<ol start=\"3\">\n<li>Ceny loco szk\u00f3\u0142ka oznaczaj\u0105 ceny sadzonek&nbsp; wyj\u0119tych z go\u0142ym systemem korzeniowym lub w pojemnikach za\u0142adowanych na \u015brodek transportu odbiorcy.<\/li>\n<li>Sprzeda\u017c ro\u015blin prowadzi si\u0119 :\n<ul>\n<li>w przypadku ro\u015blin&nbsp; z gruntu od ca\u0142kowitego rozmarzni\u0119cia gleby do ko\u0144ca maja oraz od wczesnej jesieni do nastania mroz\u00f3w<\/li>\n<li>w przypadku ro\u015blin&nbsp; z zakrytym systemem korzeniowym przez ca\u0142y rok<\/li>\n<\/ul>\n<\/li>\n<li>Sprzeda\u017c ro\u015blin prowadzi si\u0119 w oparciu o aktualnie obowi\u0105zuj\u0105cy cennik zatwierdzony przez Nadle\u015bniczego.<\/li>\n<li>Ceny na materia\u0142 zadrzewieniowy i ozdobny mog\u0105 odbiega\u0107 od warto\u015bci cennikowej w sytuacjach gdy:\n<ul>\n<li>materia\u0142 zadrzewieniowy i ozdobny wyprodukowany zosta\u0142 w odmiennym ni\u017c za\u0142o\u017cono cyklu produkcyjnym; (do\u015bwiadczalnie, materia\u0142 przero\u015bni\u0119ty, jako\u015bci\u0105 odbiegaj\u0105cy od norm itd. \u2013 ceny ni\u017csze.<\/li>\n<\/ul>\n<\/li>\n<\/ol>\n<p>W przypadku&nbsp; ustalenia ceny ni\u017cszej, z przeprowadzonej negocjacji sporz\u0105dza si\u0119 protok\u00f3\u0142, kt\u00f3rego wz\u00f3r stanowi za\u0142\u0105cznik nr 1 do niniejszej instrukcji. Protok\u00f3\u0142<\/p>\n<p>z negocjacji podpisuj\u0105 sprzedaj\u0105cy i kupuj\u0105cy oraz osoba zatwierdzaj\u0105ca,<\/p>\n<ol>\n<li>Nadle\u015bniczy lub osoba przez niego upowa\u017cniona.<\/li>\n<\/ol>\n<p><strong>&nbsp;&nbsp;&nbsp;&nbsp;&nbsp;&nbsp;&nbsp;&nbsp;&nbsp;&nbsp;&nbsp; &nbsp;&nbsp;6.2<\/strong> materia\u0142 zadrzewieniowy i ozdobny zosta\u0142 indywidualnie wybrany przez klienta,&nbsp;&nbsp;<\/p>\n<p>&nbsp;&nbsp;&nbsp;&nbsp;&nbsp;&nbsp;&nbsp;&nbsp;&nbsp;&nbsp;&nbsp;&nbsp;&nbsp;&nbsp;&nbsp;&nbsp; &nbsp;&nbsp;(sadzonki&nbsp; specjalnej&nbsp; jako\u015bci, ich pozyskanie wi\u0105\u017ce si\u0119&nbsp; z poniesieniem<\/p>\n<p>&nbsp;&nbsp;&nbsp;&nbsp;&nbsp;&nbsp;&nbsp;&nbsp;&nbsp;&nbsp;&nbsp;&nbsp;&nbsp;&nbsp;&nbsp;&nbsp;&nbsp;&nbsp; &nbsp;dodatkowych koszt\u00f3w) \u2013 ceny wy\u017csze<\/p>\n<ul>\n<li>materia\u0142 zadrzewieniowy i ozdobny wykopany z gruntu przy pomocy maszyny<\/li>\n<\/ul>\n<p>&nbsp;&nbsp;&nbsp;&nbsp;&nbsp;&nbsp;&nbsp;&nbsp;&nbsp;&nbsp;&nbsp; &nbsp;&nbsp;&nbsp;&nbsp;&nbsp;&nbsp;&nbsp;&nbsp;&nbsp;i&nbsp; zabezpieczony siatk\u0105 i jut\u0105 \u2013 do ceny doliczony koszt materia\u0142\u00f3w zu\u017cytych&nbsp;&nbsp;&nbsp;&nbsp;&nbsp;&nbsp;&nbsp;&nbsp;&nbsp;&nbsp;&nbsp;&nbsp;<\/p>\n<p>&nbsp;&nbsp;&nbsp;&nbsp;&nbsp;&nbsp;&nbsp;&nbsp;&nbsp;&nbsp;&nbsp;&nbsp;&nbsp;&nbsp;&nbsp;&nbsp;&nbsp;&nbsp;&nbsp;&nbsp; oraz&nbsp; poniesionych koszt\u00f3w dodatkowego zabezpieczenia \u2013 ceny wy\u017csze<\/p>\n<ol start=\"7\">\n<li>Warunki p\u0142atno\u015bci:<\/li>\n<\/ol>\n<p><strong>7.1<\/strong> P\u0142atno\u015b\u0107&nbsp; got\u00f3wk\u0105&nbsp; lub kart\u0105 p\u0142atnicz\u0105 przy odbiorze ro\u015blin.<\/p>\n<p><strong>7.2<\/strong> Przedp\u0142ata na konto&nbsp; lub zaliczka<\/p>\n<ol start=\"8\">\n<li><strong>RABATY<\/strong> <u>mog\u0105 by\u0107<\/u> udzielane s\u0105&nbsp; przy jednorazowych&nbsp; zakupach o \u0142\u0105cznej&nbsp; warto\u015bci jak ni\u017cej:<\/li>\n<\/ol>\n<p>Warto\u015b\u0107&nbsp; zakupu &nbsp;&nbsp;&nbsp;&nbsp;100,00 z\u0142&nbsp; \u2013&nbsp; &nbsp;&nbsp;499,99 z\u0142 \u2013&nbsp;&nbsp;&nbsp; 7 %<\/p>\n<p>&nbsp;&nbsp;&nbsp;&nbsp;&nbsp;&nbsp;&nbsp;&nbsp;&nbsp;&nbsp;&nbsp;&nbsp;&nbsp;&nbsp;&nbsp;&nbsp;&nbsp;&nbsp;&nbsp;&nbsp;&nbsp;&nbsp;&nbsp;&nbsp;&nbsp;&nbsp;&nbsp;&nbsp;&nbsp;&nbsp; &nbsp;500,00 z\u0142 &nbsp;\u2013 &nbsp;&nbsp;&nbsp;999,99 z\u0142 \u2013 &nbsp;10 %<\/p>\n<p>&nbsp;&nbsp;&nbsp;&nbsp;&nbsp;&nbsp;&nbsp;&nbsp;&nbsp;&nbsp;&nbsp;&nbsp;&nbsp;&nbsp;&nbsp;&nbsp;&nbsp;&nbsp;&nbsp;&nbsp;&nbsp;&nbsp;&nbsp;&nbsp;&nbsp;&nbsp;&nbsp; &nbsp;1&nbsp;000,00 z\u0142 &nbsp;\u2013 2&nbsp;000,99 z\u0142 \u2013&nbsp; 15%<\/p>\n<p>&nbsp;&nbsp;&nbsp;&nbsp;&nbsp;&nbsp;&nbsp;&nbsp;&nbsp;&nbsp;&nbsp;&nbsp;&nbsp;&nbsp;&nbsp;&nbsp;&nbsp;&nbsp;&nbsp;&nbsp;&nbsp;&nbsp;&nbsp;&nbsp;&nbsp;&nbsp;&nbsp;&nbsp; 2&nbsp;000,00 z\u0142 &nbsp;\u2013 3&nbsp;000,99 z\u0142 \u2013&nbsp; 30 %<\/p>\n<p>&nbsp;&nbsp;&nbsp;&nbsp;&nbsp;&nbsp;&nbsp;&nbsp;&nbsp;&nbsp;&nbsp;&nbsp;&nbsp;&nbsp;&nbsp;&nbsp;&nbsp;&nbsp;&nbsp;&nbsp;&nbsp;&nbsp;&nbsp;&nbsp;&nbsp;&nbsp;&nbsp;&nbsp; 3&nbsp;000,00 z\u0142 &nbsp;\u2013 5&nbsp;000,99 z\u0142 \u2013 &nbsp;40 %&nbsp;&nbsp;&nbsp;&nbsp;&nbsp;&nbsp;&nbsp;&nbsp;&nbsp;&nbsp;&nbsp;&nbsp;&nbsp;&nbsp;&nbsp;&nbsp;&nbsp;&nbsp;&nbsp;&nbsp;&nbsp;&nbsp;&nbsp;&nbsp;&nbsp;&nbsp;&nbsp;&nbsp;<\/p>\n<p>Punkt&nbsp; ten&nbsp; nie ma&nbsp; zastosowania w przypadku&nbsp; cen&nbsp; ustalonych&nbsp; w <u>drodze negocjacji i materia\u0142u z wyprzeda\u017cy.<\/u><\/p>\n<ol start=\"9\">\n<li>Sprzeda\u017c sadzonek w przypadku gdy klient sam wyjmuje sadzonki niezale\u017cnie od kwoty zakupu :<\/li>\n<\/ol>\n<p>\u2013 z go\u0142ym korzeniem obowi\u0105zuje rabat 40 %<\/p>\n<p>\u2013 z bry\u0142\u0105 korzeniow\u0105&nbsp; obowi\u0105zuje rabat&nbsp; 30 %<\/p>\n<p>Sadzonki wyj\u0119te przez klienta <strong>nie podlegaj\u0105 reklamacji<\/strong>.<\/p>\n<p>Suma rabat\u00f3w nie mo\u017ce przekroczy\u0107&nbsp; 50 %.<\/p>\n<ol start=\"10\">\n<li>Sadzonki&nbsp; z gruntu z go\u0142ym korzeniem przeznaczone do wyprzeda\u017cy <strong>po obni\u017conej cenie<\/strong> do wyczerpania zapas\u00f3w :<\/li>\n<\/ol>\n<p>&#8211; bukszpan wieczniezielony \u2013 5 z\u0142 brutto\/szt.<\/p>\n<p>&#8211; dere\u0144 bia\u0142y \u2013 5 z\u0142 brutto \/ szt.<\/p>\n<p>&#8211; dere\u0144 pstry \u2013 5 z\u0142 brutto \/ szt.<\/p>\n<p>&#8211; ja\u015bminowiec wonny \u2013 5 z\u0142 brutto \/ szt.<\/p>\n<p>&#8211; irga pozioma \u2013 5 z\u0142 brutto \/ szt.<\/p>\n<p>&#8211; ligustr posp. \u2013 5 z\u0142 brutto \/ szt.<\/p>\n<p>&#8211; r\u00f3\u017ca fa\u0142dzistolistna&nbsp; \u2013 5 z\u0142 brutto \/ szt.<\/p>\n<p>&#8211; tawu\u0142y r\u00f3\u017cne \u2013 5 z\u0142 brutto \/ szt.<\/p>\n","protected":false},"excerpt":{"rendered":"<p>Instrukcja oraz&nbsp; zasady&nbsp; sprzeda\u017cy&nbsp; sadzonek &nbsp; Sprzeda\u017c ma miejsce&nbsp; pod&nbsp; adresem: Nadle\u015bnictwo&nbsp; Jastrowie Gospodarstwo&nbsp; Szk\u00f3\u0142karskie&nbsp; Hajda Jastrowie &nbsp;&nbsp;&nbsp;&nbsp;&nbsp;&nbsp;&nbsp;&nbsp;&nbsp;&nbsp;&nbsp;&nbsp;&nbsp; &nbsp;&nbsp;&nbsp;&nbsp;&nbsp;&nbsp;&nbsp;&nbsp;&nbsp;Tel.\/ fax.&nbsp;&nbsp; 067&nbsp;266 25 22 &nbsp;&nbsp;&nbsp;&nbsp;&nbsp;&nbsp;&nbsp;&nbsp;&nbsp;&nbsp; od poniedzia\u0142ku do pi\u0105tku&nbsp;&nbsp; &nbsp;od 8:00&hellip;<\/p>\n","protected":false},"author":1,"featured_media":0,"parent":0,"menu_order":0,"comment_status":"closed","ping_status":"closed","template":"","meta":{"ngg_post_thumbnail":0,"footnotes":""},"class_list":["post-99","page","type-page","status-publish","hentry"],"_links":{"self":[{"href":"http:\/\/szkolkahajda.pl\/index.php?rest_route=\/wp\/v2\/pages\/99","targetHints":{"allow":["GET"]}}],"collection":[{"href":"http:\/\/szkolkahajda.pl\/index.php?rest_route=\/wp\/v2\/pages"}],"about":[{"href":"http:\/\/szkolkahajda.pl\/index.php?rest_route=\/wp\/v2\/types\/page"}],"author":[{"embeddable":true,"href":"http:\/\/szkolkahajda.pl\/index.php?rest_route=\/wp\/v2\/users\/1"}],"replies":[{"embeddable":true,"href":"http:\/\/szkolkahajda.pl\/index.php?rest_route=%2Fwp%2Fv2%2Fcomments&post=99"}],"version-history":[{"count":8,"href":"http:\/\/szkolkahajda.pl\/index.php?rest_route=\/wp\/v2\/pages\/99\/revisions"}],"predecessor-version":[{"id":532,"href":"http:\/\/szkolkahajda.pl\/index.php?rest_route=\/wp\/v2\/pages\/99\/revisions\/532"}],"wp:attachment":[{"href":"http:\/\/szkolkahajda.pl\/index.php?rest_route=%2Fwp%2Fv2%2Fmedia&parent=99"}],"curies":[{"name":"wp","href":"https:\/\/api.w.org\/{rel}","templated":true}]}}