{"id":2,"date":"2016-05-10T03:48:21","date_gmt":"2016-05-10T03:48:21","guid":{"rendered":"http:\/\/serwer1731144.home.pl\/autoinstalator\/wordpress1\/?page_id=2"},"modified":"2019-08-28T12:38:58","modified_gmt":"2019-08-28T12:38:58","slug":"sample-page","status":"publish","type":"page","link":"http:\/\/szkolkahajda.pl\/?page_id=2","title":{"rendered":"Gospodarstwo Szk\u00f3\u0142karskie &#8222;Hajda&#8221;"},"content":{"rendered":"<p style=\"text-align: center;\">Gospodarstwo Szk\u00f3\u0142karskie Hajda oferuje szerok\u0105 gam\u0119 gatunk\u00f3w ozdobnych i zadrzewieniowych.<\/p>\n<p style=\"text-align: center;\">W naszej ofercie znajdziecie Pa\u0144stwo drzewa i krzewy li\u015bciaste i iglaste w r\u00f3\u017cnych formach, kolorach i wysoko\u015bciach co pozwoli Pa\u0144stwu urz\u0105dzi\u0107 pi\u0119kny ogr\u00f3d, uzupe\u0142ni\u0107 ju\u017c istniej\u0105cy, stworzy\u0107 zadrzewienia, aleje czy parki.<br \/>\nZapewniamy r\u00f3wnie\u017c materia\u0142 firmom zajmuj\u0105cym si\u0119 obsadzaniem dr\u00f3g i autostrad. Posiadamy szeroki wyb\u00f3r gatunk\u00f3w w pojemnikach, z odkrytym systemem korzeniowym jak r\u00f3wnie\u017c z bry\u0142\u0105 korzeniow\u0105 kopan\u0105 maszynowo. Zapewniamy Pa\u0144stwu fachowe i mi\u0142e doradztwo prowadzone przez do\u015bwiadczonych szk\u00f3\u0142karzy.<\/p>\n","protected":false},"excerpt":{"rendered":"<p>Gospodarstwo Szk\u00f3\u0142karskie Hajda oferuje szerok\u0105 gam\u0119 gatunk\u00f3w ozdobnych i zadrzewieniowych. W naszej ofercie znajdziecie Pa\u0144stwo drzewa i krzewy li\u015bciaste i iglaste w r\u00f3\u017cnych formach, kolorach i wysoko\u015bciach co pozwoli Pa\u0144stwu&hellip;<\/p>\n","protected":false},"author":1,"featured_media":0,"parent":0,"menu_order":0,"comment_status":"closed","ping_status":"closed","template":"","meta":{"ngg_post_thumbnail":0,"footnotes":""},"class_list":["post-2","page","type-page","status-publish","hentry"],"_links":{"self":[{"href":"http:\/\/szkolkahajda.pl\/index.php?rest_route=\/wp\/v2\/pages\/2","targetHints":{"allow":["GET"]}}],"collection":[{"href":"http:\/\/szkolkahajda.pl\/index.php?rest_route=\/wp\/v2\/pages"}],"about":[{"href":"http:\/\/szkolkahajda.pl\/index.php?rest_route=\/wp\/v2\/types\/page"}],"author":[{"embeddable":true,"href":"http:\/\/szkolkahajda.pl\/index.php?rest_route=\/wp\/v2\/users\/1"}],"replies":[{"embeddable":true,"href":"http:\/\/szkolkahajda.pl\/index.php?rest_route=%2Fwp%2Fv2%2Fcomments&post=2"}],"version-history":[{"count":5,"href":"http:\/\/szkolkahajda.pl\/index.php?rest_route=\/wp\/v2\/pages\/2\/revisions"}],"predecessor-version":[{"id":328,"href":"http:\/\/szkolkahajda.pl\/index.php?rest_route=\/wp\/v2\/pages\/2\/revisions\/328"}],"wp:attachment":[{"href":"http:\/\/szkolkahajda.pl\/index.php?rest_route=%2Fwp%2Fv2%2Fmedia&parent=2"}],"curies":[{"name":"wp","href":"https:\/\/api.w.org\/{rel}","templated":true}]}}